{"id":18,"date":"2016-01-09T15:56:57","date_gmt":"2016-01-09T15:56:57","guid":{"rendered":"http:\/\/tymeksejwa.pl\/worldpress\/?page_id=18"},"modified":"2018-10-27T20:08:28","modified_gmt":"2018-10-27T20:08:28","slug":"text","status":"publish","type":"page","link":"https:\/\/tymeksejwa.pl\/index.php\/text\/","title":{"rendered":"TEXT"},"content":{"rendered":"<p align=\"JUSTIFY\"><span style=\"color: #000000;\"><strong>\u201e<\/strong><span style=\"font-family: Sylfaen, serif;\"><span style=\"font-size: medium;\"><strong>Przegl\u0105d\u201d<\/strong> Tymka jest zestawem bez wyra\u017anego pocz\u0105tku, punktu wyj\u015bcia &#8211; tak jak poszczeg\u00f3lne obrazy przy\u0142apane w niecodziennych konfiguracjach.\u00a0<\/span><\/span><\/span><\/p>\n<p align=\"JUSTIFY\"><span style=\"color: #000000;\"><span style=\"font-family: Sylfaen, serif;\"><span style=\"font-size: medium;\">Dlaczego fotograf tak bardzo chce utrwala\u0107 \u017cycie codzienne? Jaka ciekawo\u015b\u0107 wyzwala potrzeb\u0119 rejestracji i karze poszukiwa\u0107 porozrzucanych skrawk\u00f3w? A mo\u017ce aparaty cyfrowe daj\u0105 nam \u015bmia\u0142o\u015b\u0107 do fotografowania bana\u0142u, zamieniania rzeczy, pozornie niewa\u017cnych, w obraz.<\/span><\/span><\/span><\/p>\n<p align=\"JUSTIFY\"><span style=\"color: #000000;\"><span style=\"font-family: Sylfaen, serif;\"><span style=\"font-size: medium;\">Maniacy kodaka, jak kiedy\u015b nazwano pierwszych fotograf\u00f3w amator\u00f3w, \u0142api\u0105cy w po\u015bpiechu ka\u017cd\u0105 chwil\u0119. Ma\u0142y szczeg\u00f3\u0142 codzienno\u015bci potrafi gra\u0107 g\u0142\u00f3wn\u0105 rol\u0119. W\u0142\u0105cznik \u015bwiat\u0142a na ziemi, przechodzie\u0144 przy\u0142apany w bramie, portret ch\u0142opca &#8211; ka\u017cdy z nas porusza si\u0119 w podobnym zestawieniu obrazu, koloru i \u015bwiat\u0142a, ale nie ka\u017cdy ma potrzeb\u0119 zapami\u0119tywa\u0107 codzienno\u015b\u0107<br \/>\nw taki spos\u00f3b. Cykl ten por\u00f3wna\u0142bym do zbioru kolekcjonera, kt\u00f3ry nie do ko\u0144ca jest w stanie kontrolowa\u0107 ci\u0105gle powi\u0119kszaj\u0105c\u0105 si\u0119 kolekcj\u0119, pozbawionych cz\u0119sto swojej pierwotnej funkcji, wyrzuconych na margines obiekt\u00f3w. Dlatego w pewnym momencie potrzebny jest \u201eprzegl\u0105d\u201d, chwila uwagi, zastanowienia si\u0119 nad obrazami znajduj\u0105cymi si\u0119 przed nami. Eksperyment na sobie i na naszej wra\u017cliwo\u015bci na obraz. A mo\u017ce po prostu fascynacja samym aktem rejestracji? Powierzchowno\u015b\u0107, kt\u00f3r\u0105 dostajemy, cz\u0119sto jest zaskakuj\u0105ca i pozwala nam odkrywa\u0107 na nowo martwe natury <\/span><\/span><\/span><span style=\"color: #000000;\"><span style=\"font-family: Sylfaen, serif;\"><span style=\"font-size: medium;\">i codzienno\u015b\u0107 dokumentowan\u0105 przez Tymka Sejw\u0119.<\/span><\/span><\/span><\/p>\n<p align=\"JUSTIFY\"><span style=\"color: #000000;\"><span style=\"font-family: Sylfaen, serif;\"><span style=\"font-size: medium;\"> Marek Lalko<\/span><\/span><\/span><\/p>\n<p align=\"JUSTIFY\"><strong><span style=\"color: #000000;\"><span style=\"font-family: Sylfaen, serif;\"><span style=\"font-size: medium;\">O fotografii<\/span><\/span><\/span><\/strong><\/p>\n<p align=\"JUSTIFY\"><span style=\"color: #000000;\"><span style=\"font-family: Sylfaen, serif;\"><span style=\"font-size: medium;\">Fotografowanie pozwala mi na g\u0142\u0119bsze poznawanie siebie. Integracj\u0119 z t\u0105 cz\u0119\u015bci\u0105 mojej osobowo\u015bci, o kt\u00f3rej wiem, \u017ce jest, gdy\u017c otrzyma\u0142em j\u0105 w genach. Przez wiele lat pozostawa\u0142a ona w ukryciu. By\u0142a jakby na marginesie mojego \u201eja\u201d jako cz\u0119\u015b\u0107 nieznana, zapomniana, trudna do odtworzenia i prze\u017cywania ale zawsze nie\u015bwiadomie, z ukrycia, oddzia\u0142ywa\u0142a na moje \u017cycie. Za po\u015brednictwem fotografii chcia\u0142bym pokaza\u0107 w\u0142a\u015bnie t\u0119 stron\u0119 mojej osobowo\u015bci, przekaza\u0107 informacje o sobie i powiedzie\u0107 \u201ejestem te\u017c taki\u201d mo\u017ce inny ni\u017c my\u015blicie ?<\/span><\/span><\/span><\/p>\n<p align=\"JUSTIFY\"><span style=\"color: #000000;\"><span style=\"font-family: Sylfaen, serif;\"><span style=\"font-size: medium;\">Moje fotografie s\u0105 zapisem codziennej podr\u00f3\u017cy po miejscach zwi\u0105zanych z moim \u017cyciem. Miejscach, kt\u00f3re odwiedzam cz\u0119sto w zwyk\u0142ych sprawach: id\u0105c na spacer, b\u0119d\u0105c w pracy, poruszaj\u0105c si\u0119 w przestrzeniach miasta. Staram si\u0119 obserwowa\u0107 otaczaj\u0105cy \u015bwiat, pozostaj\u0105c pod wp\u0142ywem jego r\u00f3\u017cnorodno\u015bci. Fotografuj\u0119 te elementy rzeczywisto\u015bci, kt\u00f3re w kontakcie z moim wewn\u0119trznym \u015bwiatem wy\u0142aniaj\u0105 si\u0119 jako obrazy wyj\u0105tkowe \u2013 ciekawe, inne, dziwne, niezrozumia\u0142e, ale zawsze wymagaj\u0105ce zwolnienia, zatrzymania si\u0119 i uwagi, czego wyrazem jest zapis obrazu w aparacie. W tym sensie moje fotografie powstaj\u0105 spontanicznie. Cz\u0119\u015bciej bez konkretnego planu, ni\u017c z konkretnym zamierzeniem pisania jednej historii za pomoc\u0105 fotografii. Ka\u017cde zdj\u0119cie stanowi histori\u0119 osoby, miejsca, sytuacji, przedmiotu. <\/span><\/span><\/span><\/p>\n<p align=\"JUSTIFY\"><strong><span style=\"color: #000000;\"><span style=\"font-family: Sylfaen, serif;\"><span style=\"font-size: medium;\">O przysz\u0142o\u015bci<\/span><\/span><\/span><\/strong><\/p>\n<p align=\"JUSTIFY\"><span style=\"color: #000000;\">\u201e<span style=\"font-family: Sylfaen, serif;\"><span style=\"font-size: medium;\">Us\u0142ysze\u0107 fotografi\u0119. Zobaczy\u0107 muzyk\u0119\u201d. Sentencja, kt\u00f3r\u0105 otrzyma\u0142em niedawno. Jest ona dla mnie wyrazem d\u0105\u017cenia i ci\u0105g\u0142ego doskonalenia umiej\u0119tno\u015bci widzenia otaczaj\u0105cego \u015bwiata\u00a0i fotograficznego zapisywania jego r\u00f3\u017cnorodno\u015bci.<\/span><\/span><\/span><\/p>\n<p align=\"JUSTIFY\"><span style=\"color: #000000;\"><span style=\"font-family: Sylfaen, serif;\"><span style=\"font-size: medium;\">Tymek Sejwa<\/span><\/span><\/span><\/p>\n","protected":false},"excerpt":{"rendered":"<p>\u201ePrzegl\u0105d\u201d Tymka jest zestawem bez wyra\u017anego pocz\u0105tku, punktu wyj\u015bcia &#8211; tak jak poszczeg\u00f3lne obrazy przy\u0142apane w niecodziennych konfiguracjach.\u00a0 Dlaczego fotograf tak bardzo chce utrwala\u0107 \u017cycie codzienne? Jaka ciekawo\u015b\u0107 wyzwala potrzeb\u0119 rejestracji i karze poszukiwa\u0107 porozrzucanych skrawk\u00f3w? A mo\u017ce aparaty cyfrowe daj\u0105 nam \u015bmia\u0142o\u015b\u0107 do fotografowania bana\u0142u, zamieniania rzeczy, pozornie niewa\u017cnych, w obraz. Maniacy kodaka, jak &#8230;<\/p>\n","protected":false},"author":1,"featured_media":0,"parent":0,"menu_order":0,"comment_status":"closed","ping_status":"closed","template":"","meta":{"jetpack_post_was_ever_published":false},"jetpack_shortlink":"https:\/\/wp.me\/P76QqI-i","jetpack_sharing_enabled":true,"_links":{"self":[{"href":"https:\/\/tymeksejwa.pl\/index.php\/wp-json\/wp\/v2\/pages\/18"}],"collection":[{"href":"https:\/\/tymeksejwa.pl\/index.php\/wp-json\/wp\/v2\/pages"}],"about":[{"href":"https:\/\/tymeksejwa.pl\/index.php\/wp-json\/wp\/v2\/types\/page"}],"author":[{"embeddable":true,"href":"https:\/\/tymeksejwa.pl\/index.php\/wp-json\/wp\/v2\/users\/1"}],"replies":[{"embeddable":true,"href":"https:\/\/tymeksejwa.pl\/index.php\/wp-json\/wp\/v2\/comments?post=18"}],"version-history":[{"count":13,"href":"https:\/\/tymeksejwa.pl\/index.php\/wp-json\/wp\/v2\/pages\/18\/revisions"}],"predecessor-version":[{"id":1924,"href":"https:\/\/tymeksejwa.pl\/index.php\/wp-json\/wp\/v2\/pages\/18\/revisions\/1924"}],"wp:attachment":[{"href":"https:\/\/tymeksejwa.pl\/index.php\/wp-json\/wp\/v2\/media?parent=18"}],"curies":[{"name":"wp","href":"https:\/\/api.w.org\/{rel}","templated":true}]}}